{"id":413,"date":"2023-01-30T12:41:01","date_gmt":"2023-01-30T16:41:01","guid":{"rendered":"https:\/\/boutique.basicbruegel.ca\/?page_id=413"},"modified":"2025-03-03T15:19:16","modified_gmt":"2025-03-03T19:19:16","slug":"catalogue","status":"publish","type":"page","link":"https:\/\/boutique.basicbruegel.ca\/index.php\/catalogue\/","title":{"rendered":"Catalogue"},"content":{"rendered":"<p><strong>Catalogue \u00c9ditions Basic Bruegel Editions<\/strong><\/p>\n<p><strong>Horse-Woman<\/strong>, 2025<strong><br \/>\n<\/strong>Paperback + digital<br \/>\nLivre broch\u00e9 + num\u00e9rique<br \/>\nPoetry<br \/>\nPo\u00e9sie<\/p>\n<p><strong>Vivres<\/strong>, 2025<strong><br \/>\n<\/strong>Paperback + digital<br \/>\nLivre broch\u00e9 + num\u00e9rique<br \/>\nPoetry<br \/>\nPo\u00e9sie<\/p>\n<p><strong>War and Place<\/strong>, 2024<strong><br \/>\n<\/strong>Paperback + digital<br \/>\nLivre broch\u00e9 + num\u00e9rique<br \/>\nPoetry, essays<br \/>\nPo\u00e9sie, essais<\/p>\n<p><strong>Vignettes<\/strong>, 2023<br \/>\nPaperback + digital<br \/>\nLivre broch\u00e9 + num\u00e9rique<br \/>\nPoetry, essays<br \/>\nPo\u00e9sie, essais<\/p>\n<p><strong>Fundy<\/strong>, 2022<br \/>\nPaperback + digital<br \/>\nLivre broch\u00e9 + num\u00e9rique<br \/>\nArtist book, poetry, essays<br \/>\nLivre d\u2019artiste, po\u00e8mes-essais<\/p>\n<p><strong>\u00e9moji, etc. \/ emoji, etc.<\/strong>, 2022<br \/>\nPaperback + digital<br \/>\nLivre broch\u00e9 + num\u00e9rique<br \/>\nPoetry, essays<br \/>\nPo\u00e9sie, essais<\/p>\n<p><strong>Everglades \u2013 marches sonores<\/strong>, 2022<br \/>\nPaperback + digital<br \/>\nLivre broch\u00e9 + num\u00e9rique<br \/>\nPoetry<br \/>\nPo\u00e9sie<\/p>\n<p><strong>Perspectives<\/strong>, 2020<br \/>\nPaperback + digital<br \/>\nLivre broch\u00e9 + num\u00e9rique<br \/>\nPoetry<br \/>\nPo\u00e9sie<\/p>\n<p><strong>Videopoetry \/ Vid\u00e9opo\u00e9sie Vol 1, 2<\/strong>, 2020<br \/>\nSmall Walker Press + EBBE<br \/>\nEditors \/ \u00c9ditions et r\u00e9vision: Catherine Parayre, Derek Knight<br \/>\nDirector \/ Directrice: Gina Maranto<br \/>\nPaperback + digital<br \/>\nLivre broch\u00e9 + num\u00e9rique<br \/>\nArtist book, videopoetry, essays<br \/>\nLivre d\u2019artiste, vid\u00e9opo\u00e8mes, essais<\/p>\n<p><strong>Text(e) Image Beat<\/strong>, 2015<br \/>\nDigital<br \/>\nNum\u00e9rique<br \/>\nEssays<br \/>\nEssais<\/p>\n<p><strong>MPB-X, critical discourse surrounding ideas of portability in art and art dissemination<\/strong>, 2014<br \/>\nCo- edited with Diana Sherlock<br \/>\nPaperback + digital<br \/>\nLivre broch\u00e9 + num\u00e9rique<br \/>\nArtist book, essays<br \/>\nLivre d\u2019artiste, essais<\/p>\n<p><strong>Street \/ Screen Encounter &#8211; MediaPackBoard + Eye Level Gallery&#8217;s World<\/strong><br \/>\nPortable Gallery Convention, 2012<br \/>\nDigital<br \/>\nNum\u00e9rique<br \/>\nEssays<br \/>\nEssais<\/p>\n<p><strong>The Raft: Conversations with the 5th Character<\/strong>, 2012<br \/>\nPaperback + digital<br \/>\nLivre broch\u00e9 + num\u00e9rique<br \/>\nPlay<br \/>\nTh\u00e9\u00e2tre<\/p>\n<p><strong>The Moss Theory<\/strong>, 2012<br \/>\nPaperback + digital<br \/>\nLivre broch\u00e9 + num\u00e9rique<br \/>\nNovella<\/p>\n<p><strong>Living In Dangerously Smooth Times<\/strong>, 2012<br \/>\nPaperback + digital<br \/>\nLivre broch\u00e9 + num\u00e9rique<br \/>\nExperimental philosophy<br \/>\nPhilosophie exp\u00e9rimentale<\/p>\n<p><strong>Tippy\u2019s Recipe<\/strong>, 2012<br \/>\nDigital<br \/>\nNum\u00e9rique<br \/>\nNovel<br \/>\nRoman<\/p>\n<p><strong>Rocco<\/strong>, 2012<br \/>\nDigital<br \/>\nNum\u00e9rique<br \/>\nShort story<br \/>\nNouvelles<\/p>\n<p><strong>MPB Curates 2007<\/strong>, 2007<br \/>\nPaperback + digital<br \/>\nLivre broch\u00e9 + num\u00e9rique<br \/>\nEssays<br \/>\nEssais<\/p>\n<p><strong>Facts and Artifacts in the Collective Matrix<\/strong>, 2004<br \/>\nPaperback + digital<br \/>\nLivre broch\u00e9 + num\u00e9rique<br \/>\nEssay<br \/>\nEssais<\/p>\n<p><strong>Time Travel in This Moment<\/strong>, 2004<br \/>\nPaperback + digital<br \/>\nLivre broch\u00e9 + num\u00e9rique<br \/>\nVideopoetry, essays<br \/>\nVid\u00e9opo\u00e8mes, essais<\/p>\n<p><strong>In Transit<\/strong>, 1997<br \/>\nPaperback + digital<br \/>\nLivre broch\u00e9 + num\u00e9rique<br \/>\nVideopoetry<br \/>\nVid\u00e9opo\u00e8mes<\/p>\n","protected":false},"excerpt":{"rendered":"<p>Catalogue \u00c9ditions Basic Bruegel Editions Horse-Woman, 2025 Paperback + digital Livre broch\u00e9 + num\u00e9rique Poetry Po\u00e9sie Vivres, 2025 Paperback + digital Livre broch\u00e9 + num\u00e9rique Poetry Po\u00e9sie War and Place, 2024 Paperback + digital Livre broch\u00e9 + num\u00e9rique Poetry, essays Po\u00e9sie, essais Vignettes, 2023 Paperback + digital Livre broch\u00e9 + num\u00e9rique Poetry, essays Po\u00e9sie, essais [&hellip;]<\/p>\n","protected":false},"author":1,"featured_media":0,"parent":0,"menu_order":0,"comment_status":"closed","ping_status":"closed","template":"","meta":{"_uag_custom_page_level_css":"","footnotes":""},"class_list":["post-413","page","type-page","status-publish","hentry"],"uagb_featured_image_src":{"full":false,"thumbnail":false,"medium":false,"medium_large":false,"large":false,"1536x1536":false,"2048x2048":false,"qi_addons_for_elementor_image_size_square":false,"qi_addons_for_elementor_image_size_landscape":false,"qi_addons_for_elementor_image_size_portrait":false,"qi_addons_for_elementor_image_size_huge-square":false,"roux_core_image_size_square":false,"roux_core_image_size_landscape":false,"roux_core_image_size_portrait":false,"roux_core_image_size_huge-square":false,"woocommerce_thumbnail":false,"woocommerce_single":false,"woocommerce_gallery_thumbnail":false},"uagb_author_info":{"display_name":"admin","author_link":"https:\/\/boutique.basicbruegel.ca\/index.php\/author\/basicbruegel_vh6jd44a\/"},"uagb_comment_info":0,"uagb_excerpt":"Catalogue \u00c9ditions Basic Bruegel Editions Horse-Woman, 2025 Paperback + digital Livre broch\u00e9 + num\u00e9rique Poetry Po\u00e9sie Vivres, 2025 Paperback + digital Livre broch\u00e9 + num\u00e9rique Poetry Po\u00e9sie War and Place, 2024 Paperback + digital Livre broch\u00e9 + num\u00e9rique Poetry, essays Po\u00e9sie, essais Vignettes, 2023 Paperback + digital Livre broch\u00e9 + num\u00e9rique Poetry, essays Po\u00e9sie, essais&hellip;","jetpack_sharing_enabled":true,"_links":{"self":[{"href":"https:\/\/boutique.basicbruegel.ca\/index.php\/wp-json\/wp\/v2\/pages\/413","targetHints":{"allow":["GET"]}}],"collection":[{"href":"https:\/\/boutique.basicbruegel.ca\/index.php\/wp-json\/wp\/v2\/pages"}],"about":[{"href":"https:\/\/boutique.basicbruegel.ca\/index.php\/wp-json\/wp\/v2\/types\/page"}],"author":[{"embeddable":true,"href":"https:\/\/boutique.basicbruegel.ca\/index.php\/wp-json\/wp\/v2\/users\/1"}],"replies":[{"embeddable":true,"href":"https:\/\/boutique.basicbruegel.ca\/index.php\/wp-json\/wp\/v2\/comments?post=413"}],"version-history":[{"count":74,"href":"https:\/\/boutique.basicbruegel.ca\/index.php\/wp-json\/wp\/v2\/pages\/413\/revisions"}],"predecessor-version":[{"id":898,"href":"https:\/\/boutique.basicbruegel.ca\/index.php\/wp-json\/wp\/v2\/pages\/413\/revisions\/898"}],"wp:attachment":[{"href":"https:\/\/boutique.basicbruegel.ca\/index.php\/wp-json\/wp\/v2\/media?parent=413"}],"curies":[{"name":"wp","href":"https:\/\/api.w.org\/{rel}","templated":true}]}}