{"id":1719,"date":"2026-02-12T13:11:50","date_gmt":"2026-02-12T17:11:50","guid":{"rendered":"https:\/\/boutique.basicbruegel.ca\/?page_id=1719"},"modified":"2026-02-12T13:30:53","modified_gmt":"2026-02-12T17:30:53","slug":"daniel-h-dugas","status":"publish","type":"page","link":"https:\/\/boutique.basicbruegel.ca\/index.php\/daniel-h-dugas\/","title":{"rendered":"Daniel H. Dugas"},"content":{"rendered":"\t\t<div data-elementor-type=\"wp-page\" data-elementor-id=\"1719\" class=\"elementor elementor-1719\">\n\t\t\t\t\t\t<section class=\"elementor-section elementor-top-section elementor-element elementor-element-7f555c8 elementor-section-boxed elementor-section-height-default elementor-section-height-default qodef-elementor-content-no\" data-id=\"7f555c8\" data-element_type=\"section\" data-e-type=\"section\">\n\t\t\t\t\t\t<div class=\"elementor-container elementor-column-gap-default\">\n\t\t\t\t\t<div class=\"elementor-column elementor-col-100 elementor-top-column elementor-element elementor-element-320deee\" data-id=\"320deee\" data-element_type=\"column\" data-e-type=\"column\">\n\t\t\t<div class=\"elementor-widget-wrap elementor-element-populated\">\n\t\t\t\t\t\t<div class=\"elementor-element elementor-element-25dbb9f elementor-widget elementor-widget-text-editor\" data-id=\"25dbb9f\" data-element_type=\"widget\" data-e-type=\"widget\" data-widget_type=\"text-editor.default\">\n\t\t\t\t<div class=\"elementor-widget-container\">\n\t\t\t\t\t\t\t\t\t<p class=\"p1\">Po\u00e8te, vid\u00e9opo\u00e8te et musicien, <strong>Daniel H. Dugas<\/strong> a particip\u00e9 \u00e0 de nombreuses expositions et a effectu\u00e9 plusieurs r\u00e9sidences au Canada et \u00e0 l\u2019\u00e9tranger. Il a re\u00e7u, en 2021, le Prix de la lieutenante-gouverneure pour l\u2019excellence dans les arts.<\/p><p><a href=\"https:\/\/dan.basicbruegel.ca\/\"><strong>WEB<\/strong><\/a><\/p>\t\t\t\t\t\t\t\t<\/div>\n\t\t\t\t<\/div>\n\t\t\t\t\t<\/div>\n\t\t<\/div>\n\t\t\t\t\t<\/div>\n\t\t<\/section>\n\t\t\t\t<section class=\"elementor-section elementor-top-section elementor-element elementor-element-e6c1308 elementor-section-boxed elementor-section-height-default elementor-section-height-default qodef-elementor-content-no\" data-id=\"e6c1308\" data-element_type=\"section\" data-e-type=\"section\">\n\t\t\t\t\t\t<div class=\"elementor-container elementor-column-gap-default\">\n\t\t\t\t\t<div class=\"elementor-column elementor-col-33 elementor-top-column elementor-element elementor-element-de60e5f\" data-id=\"de60e5f\" data-element_type=\"column\" data-e-type=\"column\">\n\t\t\t<div class=\"elementor-widget-wrap elementor-element-populated\">\n\t\t\t\t\t\t<div class=\"elementor-element elementor-element-12dfed0 elementor-widget elementor-widget-qi_addons_for_elementor_banner\" data-id=\"12dfed0\" data-element_type=\"widget\" data-e-type=\"widget\" data-widget_type=\"qi_addons_for_elementor_banner.default\">\n\t\t\t\t<div class=\"elementor-widget-container\">\n\t\t\t\t\t<div class=\"qodef-shortcode qodef-m qodef-qi-banner qodef-layout--standard qodef-vertical--bottom qodef-horizontal--left qodef-image--hover-zoom\">\n\t<div class=\"qodef-m-image\">\n\t<img fetchpriority=\"high\" decoding=\"async\" width=\"194\" height=\"300\" src=\"https:\/\/i0.wp.com\/boutique.basicbruegel.ca\/wp-content\/uploads\/2025\/01\/VIVRES-cover-front-dec-16-2024-web.jpg?fit=194%2C300&amp;ssl=1\" class=\"attachment-medium size-medium\" alt=\"\" srcset=\"https:\/\/i0.wp.com\/boutique.basicbruegel.ca\/wp-content\/uploads\/2025\/01\/VIVRES-cover-front-dec-16-2024-web.jpg?w=776&amp;ssl=1 776w, https:\/\/i0.wp.com\/boutique.basicbruegel.ca\/wp-content\/uploads\/2025\/01\/VIVRES-cover-front-dec-16-2024-web.jpg?resize=194%2C300&amp;ssl=1 194w, https:\/\/i0.wp.com\/boutique.basicbruegel.ca\/wp-content\/uploads\/2025\/01\/VIVRES-cover-front-dec-16-2024-web.jpg?resize=662%2C1024&amp;ssl=1 662w, https:\/\/i0.wp.com\/boutique.basicbruegel.ca\/wp-content\/uploads\/2025\/01\/VIVRES-cover-front-dec-16-2024-web.jpg?resize=768%2C1188&amp;ssl=1 768w, https:\/\/i0.wp.com\/boutique.basicbruegel.ca\/wp-content\/uploads\/2025\/01\/VIVRES-cover-front-dec-16-2024-web.jpg?resize=300%2C464&amp;ssl=1 300w, https:\/\/i0.wp.com\/boutique.basicbruegel.ca\/wp-content\/uploads\/2025\/01\/VIVRES-cover-front-dec-16-2024-web.jpg?resize=600%2C928&amp;ssl=1 600w\" sizes=\"(max-width: 194px) 100vw, 194px\" loading=\"eager\" \/><\/div>\n\t<div class=\"qodef-m-content\">\n\t\t<div class=\"qodef-m-content-inner\">\n\t\t\t\t\t\t\t\t\t\t\t\t\t\t<\/div>\n\t<\/div>\n\t\t<a itemprop=\"url\" href=\"https:\/\/boutique.basicbruegel.ca\/index.php\/product\/vivres\/\" class=\"qodef-m-banner-link\" target=\"_self\"><\/a>\n<\/div>\n\t\t\t\t<\/div>\n\t\t\t\t<\/div>\n\t\t\t\t\t<\/div>\n\t\t<\/div>\n\t\t\t\t<div class=\"elementor-column elementor-col-66 elementor-top-column elementor-element elementor-element-6c0c5b4\" data-id=\"6c0c5b4\" data-element_type=\"column\" data-e-type=\"column\">\n\t\t\t<div class=\"elementor-widget-wrap elementor-element-populated\">\n\t\t\t\t\t\t<div class=\"elementor-element elementor-element-c5e53f6 elementor-widget__width-initial elementor-widget elementor-widget-qi_addons_for_elementor_banner\" data-id=\"c5e53f6\" data-element_type=\"widget\" data-e-type=\"widget\" data-widget_type=\"qi_addons_for_elementor_banner.default\">\n\t\t\t\t<div class=\"elementor-widget-container\">\n\t\t\t\t\t<div class=\"qodef-shortcode qodef-m qodef-qi-banner qodef-layout--standard qodef-vertical--bottom qodef-horizontal--left qodef-image--hover-zoom\">\n\t<div class=\"qodef-m-image\">\n\t<img decoding=\"async\" width=\"206\" height=\"300\" src=\"https:\/\/i0.wp.com\/boutique.basicbruegel.ca\/wp-content\/uploads\/2022\/04\/emojis-5-sec.gif?fit=206%2C300&amp;ssl=1\" class=\"attachment-medium size-medium\" alt=\"\" loading=\"eager\" \/><\/div>\n\t<div class=\"qodef-m-content\">\n\t\t<div class=\"qodef-m-content-inner\">\n\t\t\t\t\t\t\t\t\t\t\t\t\t\t<\/div>\n\t<\/div>\n\t\t<a itemprop=\"url\" href=\"https:\/\/boutique.basicbruegel.ca\/index.php\/product\/emoji-etc-emoji-etc\/\" class=\"qodef-m-banner-link\" target=\"_self\"><\/a>\n<\/div>\n\t\t\t\t<\/div>\n\t\t\t\t<\/div>\n\t\t\t\t\t<\/div>\n\t\t<\/div>\n\t\t\t\t\t<\/div>\n\t\t<\/section>\n\t\t\t\t<\/div>\n\t\t","protected":false},"excerpt":{"rendered":"<p>Po\u00e8te, vid\u00e9opo\u00e8te et musicien, Daniel H. Dugas a particip\u00e9 \u00e0 de nombreuses expositions et a effectu\u00e9 plusieurs r\u00e9sidences au Canada et \u00e0 l\u2019\u00e9tranger. Il a re\u00e7u, en 2021, le Prix de la lieutenante-gouverneure pour l\u2019excellence dans les arts. WEB<\/p>\n","protected":false},"author":1,"featured_media":0,"parent":0,"menu_order":0,"comment_status":"closed","ping_status":"closed","template":"","meta":{"_uag_custom_page_level_css":"","footnotes":""},"class_list":["post-1719","page","type-page","status-publish","hentry"],"uagb_featured_image_src":{"full":false,"thumbnail":false,"medium":false,"medium_large":false,"large":false,"1536x1536":false,"2048x2048":false,"qi_addons_for_elementor_image_size_square":false,"qi_addons_for_elementor_image_size_landscape":false,"qi_addons_for_elementor_image_size_portrait":false,"qi_addons_for_elementor_image_size_huge-square":false,"roux_core_image_size_square":false,"roux_core_image_size_landscape":false,"roux_core_image_size_portrait":false,"roux_core_image_size_huge-square":false,"woocommerce_thumbnail":false,"woocommerce_single":false,"woocommerce_gallery_thumbnail":false},"uagb_author_info":{"display_name":"admin","author_link":"https:\/\/boutique.basicbruegel.ca\/index.php\/author\/basicbruegel_vh6jd44a\/"},"uagb_comment_info":0,"uagb_excerpt":"Po\u00e8te, vid\u00e9opo\u00e8te et musicien, Daniel H. Dugas a particip\u00e9 \u00e0 de nombreuses expositions et a effectu\u00e9 plusieurs r\u00e9sidences au Canada et \u00e0 l\u2019\u00e9tranger. Il a re\u00e7u, en 2021, le Prix de la lieutenante-gouverneure pour l\u2019excellence dans les arts. WEB","jetpack_sharing_enabled":true,"_links":{"self":[{"href":"https:\/\/boutique.basicbruegel.ca\/index.php\/wp-json\/wp\/v2\/pages\/1719","targetHints":{"allow":["GET"]}}],"collection":[{"href":"https:\/\/boutique.basicbruegel.ca\/index.php\/wp-json\/wp\/v2\/pages"}],"about":[{"href":"https:\/\/boutique.basicbruegel.ca\/index.php\/wp-json\/wp\/v2\/types\/page"}],"author":[{"embeddable":true,"href":"https:\/\/boutique.basicbruegel.ca\/index.php\/wp-json\/wp\/v2\/users\/1"}],"replies":[{"embeddable":true,"href":"https:\/\/boutique.basicbruegel.ca\/index.php\/wp-json\/wp\/v2\/comments?post=1719"}],"version-history":[{"count":16,"href":"https:\/\/boutique.basicbruegel.ca\/index.php\/wp-json\/wp\/v2\/pages\/1719\/revisions"}],"predecessor-version":[{"id":1735,"href":"https:\/\/boutique.basicbruegel.ca\/index.php\/wp-json\/wp\/v2\/pages\/1719\/revisions\/1735"}],"wp:attachment":[{"href":"https:\/\/boutique.basicbruegel.ca\/index.php\/wp-json\/wp\/v2\/media?parent=1719"}],"curies":[{"name":"wp","href":"https:\/\/api.w.org\/{rel}","templated":true}]}}